{"id":3770,"date":"2014-04-16T16:58:02","date_gmt":"2014-04-16T14:58:02","guid":{"rendered":"https:\/\/sprintax.de\/wordpress\/2014\/04\/16\/haftungsausschluss\/"},"modified":"2022-01-20T16:16:57","modified_gmt":"2022-01-20T15:16:57","slug":"haftungsausschluss","status":"publish","type":"page","link":"https:\/\/sprintax.de\/wordpress\/haftungsausschluss\/","title":{"rendered":"Haftungsausschluss"},"content":{"rendered":"<p>Unsere Veranstaltungs- bzw. Trainingsteilnahmenbedingungen \/ Haftungsausschluss bzw. \u2013beschr\u00e4nkungen<\/p>\n<p>Jedem Teilnehmer an Veranstaltungen bzw. Trainigseinheiten des RC Sprintax ist bewusst, dass es sich beim Rennradsport um eine Sporart handelt, die Gefahren f\u00fcr Leben, Gesundheit und Eigentum beinhalten kann. Mit entsprechender Ausr\u00fcstung, pers\u00f6nlicher Disziplin, gegenseitiger R\u00fccksichtnahme und Radsporterfahrung mag dieses Verletzungsrisiko gesenkt werden k\u00f6nnen, aber die Gefahr, auch ernsthaft verletzt zu werden oder einen materiellen Schaden zu erleiden, bleibt trotz alledem bestehen &#8211; insbesondere bei Gruppen- und Windschattenfahrten sowie schnellen Trainingseinheiten.<br \/>Insofern geht der RC Sprintax davon aus, dass jeder Teilnehmer grunds\u00e4tzlich bei der gemeinsamen Radsportaus\u00fcbung eine eigenverantwortliche Selbstgef\u00e4hrdung eingeht (&#8222;Handeln auf eigene Gefahr&#8220;). Der RC Sprintax schlie\u00dft daher grunds\u00e4tzlich jede Haftung aus, auch die seiner gesetzlichen Vertreter, Erf\u00fcllungs- und Verrichtungsgehilfen. Dieser Haftungsausschluss gilt f\u00fcr Anspr\u00fcche aus jeglichem Rechtsgrund, insbesondere f\u00fcr Schadensersatzanspr\u00fcche aus vertraglicher als auch aus au\u00dfervertraglicher Haftung und auch f\u00fcr Anspr\u00fcche aus unerlaubter Handlung.<br \/>Sollte ausnahmsweise bei einem Schadenseintritt kein Fall der eigenverantwortlichen Selbstgef\u00e4hrdung vorliegen oder der generelle Haftungsausschluss aus anderen Gr\u00fcnden nicht greifen, gilt folgendes:<br \/>Der RC Sprintax bzw. seine gesetzlichen Vertreter oder seine Erf\u00fcllungsgehilfen haben bei der Verletzung des Lebens, des K\u00f6rpers oder der Gesundheit Vorsatz oder Fahrl\u00e4ssigkeit zu vertreten. <br \/>Bei sonstigen Sch\u00e4den gilt der o.g. grunds\u00e4tzliche Haftungsausschluss nicht f\u00fcr den Fall, dass der RC Sprintax bzw. seine gesetzlichen Vertreter oder seine Erf\u00fcllungsgehilfen, grobe Fahrl\u00e4ssigkeit oder die Verletzung wesentlicher Vertragspflichten zu vertreten haben; die Haftungsh\u00f6he bei fahrl\u00e4ssig verursachten Sach- und Verm\u00f6genssch\u00e4den ist beschr\u00e4nkt auf die bei Vertragsschluss bzw. Teilnahmestart vorhersehbaren und vertragstypischen Sch\u00e4den. F\u00fcr eine Schadensverursachung durch andere Teilnehmer, Dritte sowie sich selbst haftet der RC Sprintax nicht.<br \/>Die vorgenannten Ausschl\u00fcsse und Beschr\u00e4nkungen gelten jedoch nicht, soweit die Sch\u00e4den durch irgendeine Versicherungsleistung auszugleichen sind.<\/p>\n<p>Hinweis:<br \/>Neben vereinseigenen Fahrern sind auch Gastfahrer herzlich willkommen. Dabei d\u00fcrfen jedoch grunds\u00e4tzlich nur vollj\u00e4hrige Gastfahrer an unseren vereinsinternen Veranstaltungen bzw. dem Training teilnehmen; Minderj\u00e4hrige nur, wenn sie Mitglied in einem Radsportverein oder in Begleitung eines gesetzlichen Vertreters sind. Es obliegt jedem Teilnehmer, eigenverantwortlich seinen Gesundheits- und Trainingszustand vorher zu \u00fcberpr\u00fcfen und selbst zu entscheiden, ob er sich den Radsportanforderungen gewachsen f\u00fchlt. <br \/>Beim RC Sprintax gilt Helmpflicht! Selbstverst\u00e4ndlich ist im \u00f6ffentlichen Stra\u00dfenverkehr die StVO einzuhalten.<\/p>\n<p>Mit Teilnahme an einer Veranstaltung bzw. einer Trainingsfahrt werden diese Bedingungen und der Haftungsausschluss bzw. -beschr\u00e4nkungen akzeptiert.<\/p>\n","protected":false},"excerpt":{"rendered":"<p>Unsere Veranstaltungs- bzw. Trainingsteilnahmenbedingungen \/ Haftungsausschluss bzw. \u2013beschr\u00e4nkungen Jedem Teilnehmer an Veranstaltungen bzw. Trainigseinheiten des RC Sprintax ist bewusst, dass es sich beim Rennradsport um eine Sporart handelt, die Gefahren f\u00fcr Leben, Gesundheit und Eigentum beinhalten kann. Mit entsprechender Ausr\u00fcstung, pers\u00f6nlicher Disziplin, gegenseitiger R\u00fccksichtnahme und Radsporterfahrung mag dieses Verletzungsrisiko gesenkt werden k\u00f6nnen, aber die Gefahr,&hellip;&nbsp;<a href=\"https:\/\/sprintax.de\/wordpress\/haftungsausschluss\/\" rel=\"bookmark\">Weiterlesen &raquo;<span class=\"screen-reader-text\">Haftungsausschluss<\/span><\/a><\/p>\n","protected":false},"author":1,"featured_media":0,"parent":0,"menu_order":4,"comment_status":"closed","ping_status":"open","template":"","meta":{"neve_meta_sidebar":"","neve_meta_container":"","neve_meta_enable_content_width":"","neve_meta_content_width":0,"neve_meta_title_alignment":"","neve_meta_author_avatar":"","neve_post_elements_order":"","neve_meta_disable_header":"","neve_meta_disable_footer":"","neve_meta_disable_title":"","footnotes":""},"class_list":["post-3770","page","type-page","status-publish","hentry"],"_links":{"self":[{"href":"https:\/\/sprintax.de\/wordpress\/wp-json\/wp\/v2\/pages\/3770","targetHints":{"allow":["GET"]}}],"collection":[{"href":"https:\/\/sprintax.de\/wordpress\/wp-json\/wp\/v2\/pages"}],"about":[{"href":"https:\/\/sprintax.de\/wordpress\/wp-json\/wp\/v2\/types\/page"}],"author":[{"embeddable":true,"href":"https:\/\/sprintax.de\/wordpress\/wp-json\/wp\/v2\/users\/1"}],"replies":[{"embeddable":true,"href":"https:\/\/sprintax.de\/wordpress\/wp-json\/wp\/v2\/comments?post=3770"}],"version-history":[{"count":1,"href":"https:\/\/sprintax.de\/wordpress\/wp-json\/wp\/v2\/pages\/3770\/revisions"}],"predecessor-version":[{"id":4517,"href":"https:\/\/sprintax.de\/wordpress\/wp-json\/wp\/v2\/pages\/3770\/revisions\/4517"}],"wp:attachment":[{"href":"https:\/\/sprintax.de\/wordpress\/wp-json\/wp\/v2\/media?parent=3770"}],"curies":[{"name":"wp","href":"https:\/\/api.w.org\/{rel}","templated":true}]}}