{"id":3802,"date":"2014-05-02T21:11:03","date_gmt":"2014-05-02T19:11:03","guid":{"rendered":"https:\/\/sprintax.de\/wordpress\/2014\/05\/02\/sicher-radfahren-in-der-gruppe\/"},"modified":"2022-02-02T21:33:05","modified_gmt":"2022-02-02T20:33:05","slug":"sicher-radfahren-in-der-gruppe","status":"publish","type":"page","link":"https:\/\/sprintax.de\/wordpress\/sicher-radfahren-in-der-gruppe\/","title":{"rendered":"Sicher Radfahren in der Gruppe"},"content":{"rendered":"<p>Um sicher gemeinsam Rad zu fahren, ist eine eindeutige Kommunikation unter allen Radlern unabdingbar. Ob im Training, bei einer RTF oder bei allen internationalen Rennen \u2013 \u00fcberall gibt es einheitliche Zeichen um die Mitstreiter vor Gefahren aller Art zu warnen. Das Wichtigste aber vorneweg: Die Handzeichen m\u00fcssen fr\u00fchzeitig und deutlich gegeben werden \u21d2 sprich in weitem Abstand vor dem Hindernis m\u00fcssen die Mitradler informiert werden.<br \/>\nBitte geben Sie das Zeichen an Ihre nachfolgenden Mitfahrer weiter, denn im Pulk oder der Gruppe ist die Sichtm\u00f6glichkeit nach vorne doch sehr eingeschr\u00e4nkt.<\/p>\n<p><span style=\"text-decoration: underline;\">Und hier die Handzeichen:<\/span><\/p>\n<p><strong>ABBIEGEN<\/strong><br \/>\nGanz einfach: bei einer Stra\u00dfenkreuzung wird die Fahrtrichtung mit dem ausgestreckten Arm nach links oder rechts angezeigt.<\/p>\n<p><strong>\u00a0<\/strong><\/p>\n<table>\n<tbody>\n<tr>\n<td><img loading=\"lazy\" decoding=\"async\" class=\"alignnone wp-image-4697 size-full\" src=\"https:\/\/sprintax.de\/wp-content\/uploads\/2022\/01\/Sicher-Abbiegen_rechts.jpg\" alt=\"\" width=\"200\" height=\"300\" \/><\/td>\n<td><img loading=\"lazy\" decoding=\"async\" class=\"alignnone size-full wp-image-4696\" src=\"https:\/\/sprintax.de\/wordpress\/wp-content\/uploads\/2022\/01\/Sicher-Abbiegen_links.jpg\" alt=\"\" width=\"200\" height=\"300\" \/><\/td>\n<\/tr>\n<\/tbody>\n<\/table>\n<p><strong>ANHALTEN \u2013 bzw. BREMSBEREIT<\/strong><br \/>\nF\u00e4hrt man auf eine un\u00fcbersichtliche Stelle oder an eine Ampelkreuzung ist es ratsam, die nachfolgenden Radler fr\u00fchzeitig auf das Anhalten hinzuweisen, um Auffahrunf\u00e4lle zu vermeiden. Der ausgestreckte Arm nach oben bedeutet nicht immer automatisch eine Vollbremsung, sondern ist Hinweis aufmerksam bzw. bremsbereit zu sein. Ganz wichtig: ErstArm hoch und dann Bremsen!<\/p>\n<table style=\"height: 351px;\" width=\"453\">\n<tbody>\n<tr>\n<td><img loading=\"lazy\" decoding=\"async\" class=\"alignnone size-full wp-image-4695\" src=\"https:\/\/sprintax.de\/wordpress\/wp-content\/uploads\/2022\/01\/Sicher-Bremsbereit-1.jpg\" alt=\"\" width=\"200\" height=\"300\" \/><\/td>\n<td><img loading=\"lazy\" decoding=\"async\" class=\"alignnone size-full wp-image-4694\" src=\"https:\/\/sprintax.de\/wordpress\/wp-content\/uploads\/2022\/01\/Sicher-Bremsbereit-2.jpg\" alt=\"\" width=\"200\" height=\"300\" \/><\/td>\n<\/tr>\n<\/tbody>\n<\/table>\n<p><strong>FAHRBAHNSCH\u00c4DEN<\/strong><br \/>\nEine Sturzursache sind immer wieder Bremsman\u00f6ver aufgrund herumliegender Gegenst\u00e4nde (Trinkflaschen, Sattelt\u00e4schchen, Luftpumpen etc.) oder Fahrbahnunebenheiten. Mit dem \u201eBodenfinger&#8220; k\u00f6nnen die Hindernisse fr\u00fchzeitig angezeigt und somit gefahrenlos umfahren werden.\u00a0\u21d2 Einfach mit dem ausgestreckten Arm und Zeigefinger auf die entsprechende Stelle zeigen! Auch vor Scherben u.\u00e4. wird so gewarnt.<\/p>\n<table border=\"0\">\n<tbody>\n<tr>\n<td><img loading=\"lazy\" decoding=\"async\" class=\"alignnone size-full wp-image-4693\" src=\"https:\/\/sprintax.de\/wordpress\/wp-content\/uploads\/2022\/01\/Sicher-Hindernis_1.jpg\" alt=\"\" width=\"200\" height=\"300\" \/><\/td>\n<td><img loading=\"lazy\" decoding=\"async\" class=\"alignnone size-full wp-image-4692\" src=\"https:\/\/sprintax.de\/wordpress\/wp-content\/uploads\/2022\/01\/Sicher-Hindernis_2.jpg\" alt=\"\" width=\"200\" height=\"300\" \/><\/td>\n<\/tr>\n<\/tbody>\n<\/table>\n<p><strong>HINDERNISSE AM FAHRBAHNRAND<\/strong><br \/>\nIm Training stehen oft parkende Fahrzeuge am Fahrbahnrand, die umfahren werden m\u00fcssen und einen zum Verlassen der Fahrlinie zwingen. Mit einer wedelnden \u201eSchwanzflosse&#8220; (weg vom Hindernis) in H\u00f6he des Ges\u00e4\u00dfes k\u00f6nnen Sie die nachfolgenden Radler warnen bzw. auf einen leichten Schwenk vorwarnen.<\/p>\n<table>\n<tbody>\n<tr>\n<td><img loading=\"lazy\" decoding=\"async\" class=\"alignnone size-full wp-image-4691\" src=\"https:\/\/sprintax.de\/wordpress\/wp-content\/uploads\/2022\/01\/Sicher-Umfahren_1.jpg\" alt=\"\" width=\"200\" height=\"300\" \/><\/td>\n<td><img loading=\"lazy\" decoding=\"async\" class=\"alignnone size-full wp-image-4690\" src=\"https:\/\/sprintax.de\/wordpress\/wp-content\/uploads\/2022\/01\/Sicher-Umfahren_2.jpg\" alt=\"\" width=\"200\" height=\"300\" \/><\/td>\n<\/tr>\n<\/tbody>\n<\/table>\n<p><strong>GRUNDS\u00c4TZLICHE FAHRWEISE IM RENNEN<\/strong><\/p>\n<ul style=\"list-style-type: square;\">\n<li>Fahren Sie grunds\u00e4tzlich rechts<\/li>\n<li>In den Kurven die eigene Fahrlinie beibehalten (nicht von au\u00dfen nach innen ziehen oder umgekehrt)<\/li>\n<li>Bei einer Panne die rechte Hand heben (siehe oben \u201eAnhalten\/ Bremsbereit&#8220;) und am rechten Fahrbahnrand anhalten<\/li>\n<li>Im Zielsprint die eigene Linie einhalten (keine \u201eWellen&#8220; fahren)<\/li>\n<\/ul>\n<p><em><span style=\"font-size: 8pt;\">Quelle: Safer Cycling. Safer Cycling ist eine Initiative der Lagard\u00e9re Unlimited Events Germany GmbH. Weitere Infos unter www.vattenfall-cyclassics.de.<\/span><\/em><\/p>\n","protected":false},"excerpt":{"rendered":"<p>Um sicher gemeinsam Rad zu fahren, ist eine eindeutige Kommunikation unter allen Radlern unabdingbar. Ob im Training, bei einer RTF oder bei allen internationalen Rennen \u2013 \u00fcberall gibt es einheitliche Zeichen um die Mitstreiter vor Gefahren aller Art zu warnen. Das Wichtigste aber vorneweg: Die Handzeichen m\u00fcssen fr\u00fchzeitig und deutlich gegeben werden \u21d2 sprich in&hellip;&nbsp;<a href=\"https:\/\/sprintax.de\/wordpress\/sicher-radfahren-in-der-gruppe\/\" rel=\"bookmark\">Weiterlesen &raquo;<span class=\"screen-reader-text\">Sicher Radfahren in der Gruppe<\/span><\/a><\/p>\n","protected":false},"author":1,"featured_media":0,"parent":0,"menu_order":0,"comment_status":"closed","ping_status":"open","template":"","meta":{"neve_meta_sidebar":"","neve_meta_container":"","neve_meta_enable_content_width":"","neve_meta_content_width":0,"neve_meta_title_alignment":"","neve_meta_author_avatar":"","neve_post_elements_order":"","neve_meta_disable_header":"","neve_meta_disable_footer":"","neve_meta_disable_title":"","footnotes":""},"class_list":["post-3802","page","type-page","status-publish","hentry"],"_links":{"self":[{"href":"https:\/\/sprintax.de\/wordpress\/wp-json\/wp\/v2\/pages\/3802","targetHints":{"allow":["GET"]}}],"collection":[{"href":"https:\/\/sprintax.de\/wordpress\/wp-json\/wp\/v2\/pages"}],"about":[{"href":"https:\/\/sprintax.de\/wordpress\/wp-json\/wp\/v2\/types\/page"}],"author":[{"embeddable":true,"href":"https:\/\/sprintax.de\/wordpress\/wp-json\/wp\/v2\/users\/1"}],"replies":[{"embeddable":true,"href":"https:\/\/sprintax.de\/wordpress\/wp-json\/wp\/v2\/comments?post=3802"}],"version-history":[{"count":3,"href":"https:\/\/sprintax.de\/wordpress\/wp-json\/wp\/v2\/pages\/3802\/revisions"}],"predecessor-version":[{"id":9268,"href":"https:\/\/sprintax.de\/wordpress\/wp-json\/wp\/v2\/pages\/3802\/revisions\/9268"}],"wp:attachment":[{"href":"https:\/\/sprintax.de\/wordpress\/wp-json\/wp\/v2\/media?parent=3802"}],"curies":[{"name":"wp","href":"https:\/\/api.w.org\/{rel}","templated":true}]}}