{"id":3809,"date":"2014-05-17T07:21:37","date_gmt":"2014-05-17T05:21:37","guid":{"rendered":"https:\/\/sprintax.de\/wordpress\/2014\/05\/17\/rtf-was-ist-das-denn\/"},"modified":"2024-02-12T09:01:11","modified_gmt":"2024-02-12T08:01:11","slug":"rtf-was-ist-das-denn","status":"publish","type":"page","link":"https:\/\/sprintax.de\/wordpress\/rtf-was-ist-das-denn\/","title":{"rendered":"RTF &#8211; Was ist das denn?"},"content":{"rendered":"<p><em><strong>Du f\u00e4hrst gerne sportlich Rad? Am liebsten in der Gruppe? M\u00f6glichst auf verkehrsarmen Nebenstrecken? Dann bist Du bei unserer RTF genau richtig!<\/strong><\/em><\/p>\n<p><img loading=\"lazy\" decoding=\"async\" class=\"size-medium wp-image-4707 alignright\" src=\"https:\/\/sprintax.de\/wordpress\/wp-content\/uploads\/2022\/01\/RTF_Streckenschild-200x300.jpg\" alt=\"\" width=\"200\" height=\"300\" srcset=\"https:\/\/sprintax.de\/wordpress\/wp-content\/uploads\/2022\/01\/RTF_Streckenschild-200x300.jpg 200w, https:\/\/sprintax.de\/wordpress\/wp-content\/uploads\/2022\/01\/RTF_Streckenschild.jpg 427w\" sizes=\"auto, (max-width: 200px) 100vw, 200px\" \/>RTF das steht f\u00fcr Radtourenfahrt und bedeutet, dass wir f\u00fcr unsere 300 bis 500 Teilnehmer vier Strecken gut sichtbar ausschildern. Die unterschiedlichen L\u00e4ngen und Profile der Routen sorgen daf\u00fcr, dass jeder etwas passendes f\u00fcr seinen eigenen sportlichen Anspruch findet.<\/p>\n<p>Einen Link zu den Strecken findest Du unter: <a href=\"\/index.php?option=com_content&amp;view=article&amp;id=71&amp;Itemid=221\">Unser Revier<\/a><\/p>\n<p><img loading=\"lazy\" decoding=\"async\" class=\"size-full wp-image-4706 alignleft\" src=\"https:\/\/sprintax.de\/wordpress\/wp-content\/uploads\/2022\/01\/RTF_Verpflegung.jpg\" alt=\"\" width=\"100\" height=\"134\" \/>Damit alle Starter \u00fcber die Runden kommen, gibt es etwa alle 25 Kilometer eine Verpflegungsstation mit unserem bekannt reichhaltigen Angebot (Eistee, Brote, Bananen, Kuchen etc.) und nat\u00fcrlich eine Telefonnummer f\u00fcr Notf\u00e4lle.<\/p>\n<p>Jedermann\/ -frau ist herzlich willkommen. Die Routen sind mit jedem Fahrrad fahrbar, Du wirst aber \u00fcberwiegend auf Rennradler treffen. Von entspannt bis rasant findet sich garantiert f\u00fcr jedes Tempo eine passende Gruppe um das Gemeinschaftserlebnis RTF im wahrsten Sinne zu &#8222;erfahren&#8220;.<\/p>\n<p><img loading=\"lazy\" decoding=\"async\" class=\"size-medium wp-image-4705 alignright\" src=\"https:\/\/sprintax.de\/wordpress\/wp-content\/uploads\/2022\/01\/RTF_Start-300x200.jpg\" alt=\"\" width=\"300\" height=\"200\" srcset=\"https:\/\/sprintax.de\/wordpress\/wp-content\/uploads\/2022\/01\/RTF_Start-300x200.jpg 300w, https:\/\/sprintax.de\/wordpress\/wp-content\/uploads\/2022\/01\/RTF_Start.jpg 640w\" sizes=\"auto, (max-width: 300px) 100vw, 300px\" \/><\/p>\n<p>Aber auch wer lieber alleine unterwegs ist, kann dies nat\u00fcrlich auf den von uns ausgew\u00e4hlten sch\u00f6nen Nebenstrecken unserer ostwestf\u00e4lischen Heimat tun.<\/p>\n<p>Sonderrechte haben unsere Teilnehmer dabei \u00fcbrigens nicht, die StVO ist unbedingt einzuhalten. Ein Helm ist empfehlenswert. Wer bei der Aus\u00fcbung seines Hobbys auch noch versichert sein m\u00f6chte, der tritt am besten einem Radverein &#8211; z.B. unserem &#8211; bei.<\/p>\n<p><img loading=\"lazy\" decoding=\"async\" class=\"size-medium wp-image-4704 alignleft\" src=\"https:\/\/sprintax.de\/wordpress\/wp-content\/uploads\/2022\/01\/RTF_Fahrer-300x200.jpg\" alt=\"\" width=\"300\" height=\"200\" srcset=\"https:\/\/sprintax.de\/wordpress\/wp-content\/uploads\/2022\/01\/RTF_Fahrer-300x200.jpg 300w, https:\/\/sprintax.de\/wordpress\/wp-content\/uploads\/2022\/01\/RTF_Fahrer.jpg 640w\" sizes=\"auto, (max-width: 300px) 100vw, 300px\" \/>Der ganze Spa\u00df kostet Dich lediglich 7 Euro, darin ist die Verpflegung unterwegs schon enthalten. Mitglieder eines Radvereins des Bundes Deutscher Radfahrer zahlen nur 5 Euro und k\u00f6nnen zus\u00e4tzlich f\u00fcr die gefahrenen Kilometer \u00fcber das Jahr hinweg Punkte sammeln. Flei\u00dfige Punktesammler werden dann nach Saisonabschluss vom BDR ausgezeichnet. (n\u00e4heres dazu findest Du hier: <a href=\"http:\/\/breitensport.rad-net.de\/breitensportarten\/radtourenfahren.html\">BDR Radtourenfahren<\/a>).<\/p>\n<p><img loading=\"lazy\" decoding=\"async\" class=\"alignright wp-image-4703 size-medium\" src=\"https:\/\/sprintax.de\/wordpress\/wp-content\/uploads\/2022\/01\/RTF_Kuchen-300x225.jpg\" alt=\"\" width=\"300\" height=\"225\" srcset=\"https:\/\/sprintax.de\/wordpress\/wp-content\/uploads\/2022\/01\/RTF_Kuchen-300x225.jpg 300w, https:\/\/sprintax.de\/wordpress\/wp-content\/uploads\/2022\/01\/RTF_Kuchen-768x576.jpg 768w, https:\/\/sprintax.de\/wordpress\/wp-content\/uploads\/2022\/01\/RTF_Kuchen.jpg 800w\" sizes=\"auto, (max-width: 300px) 100vw, 300px\" \/><\/p>\n<p>Bevor wir es vergessen: Im Start-\/ Zielbereich haben wir f\u00fcr Dich leckere Kuchen, Br\u00f6tchen, Bratwurst, Kaltgetr\u00e4nke und Kaffe aufgebaut. Alles zu fairen Preisen. Einem gem\u00fctlichen Beisammensein auf unserem Sonnendeck am Uni-Westend steht also nichts mehr im Wege.<\/p>\n","protected":false},"excerpt":{"rendered":"<p>Du f\u00e4hrst gerne sportlich Rad? Am liebsten in der Gruppe? M\u00f6glichst auf verkehrsarmen Nebenstrecken? Dann bist Du bei unserer RTF genau richtig! RTF das steht f\u00fcr Radtourenfahrt und bedeutet, dass wir f\u00fcr unsere 300 bis 500 Teilnehmer vier Strecken gut sichtbar ausschildern. Die unterschiedlichen L\u00e4ngen und Profile der Routen sorgen daf\u00fcr, dass jeder etwas passendes&hellip;&nbsp;<a href=\"https:\/\/sprintax.de\/wordpress\/rtf-was-ist-das-denn\/\" rel=\"bookmark\">Weiterlesen &raquo;<span class=\"screen-reader-text\">RTF &#8211; Was ist das denn?<\/span><\/a><\/p>\n","protected":false},"author":1,"featured_media":4704,"parent":0,"menu_order":0,"comment_status":"closed","ping_status":"open","template":"","meta":{"neve_meta_sidebar":"","neve_meta_container":"","neve_meta_enable_content_width":"","neve_meta_content_width":0,"neve_meta_title_alignment":"","neve_meta_author_avatar":"","neve_post_elements_order":"","neve_meta_disable_header":"","neve_meta_disable_footer":"","neve_meta_disable_title":"","footnotes":""},"class_list":["post-3809","page","type-page","status-publish","has-post-thumbnail","hentry"],"_links":{"self":[{"href":"https:\/\/sprintax.de\/wordpress\/wp-json\/wp\/v2\/pages\/3809","targetHints":{"allow":["GET"]}}],"collection":[{"href":"https:\/\/sprintax.de\/wordpress\/wp-json\/wp\/v2\/pages"}],"about":[{"href":"https:\/\/sprintax.de\/wordpress\/wp-json\/wp\/v2\/types\/page"}],"author":[{"embeddable":true,"href":"https:\/\/sprintax.de\/wordpress\/wp-json\/wp\/v2\/users\/1"}],"replies":[{"embeddable":true,"href":"https:\/\/sprintax.de\/wordpress\/wp-json\/wp\/v2\/comments?post=3809"}],"version-history":[{"count":4,"href":"https:\/\/sprintax.de\/wordpress\/wp-json\/wp\/v2\/pages\/3809\/revisions"}],"predecessor-version":[{"id":10925,"href":"https:\/\/sprintax.de\/wordpress\/wp-json\/wp\/v2\/pages\/3809\/revisions\/10925"}],"wp:featuredmedia":[{"embeddable":true,"href":"https:\/\/sprintax.de\/wordpress\/wp-json\/wp\/v2\/media\/4704"}],"wp:attachment":[{"href":"https:\/\/sprintax.de\/wordpress\/wp-json\/wp\/v2\/media?parent=3809"}],"curies":[{"name":"wp","href":"https:\/\/api.w.org\/{rel}","templated":true}]}}