{"id":4090,"date":"2014-06-02T19:53:28","date_gmt":"2014-06-02T17:53:28","guid":{"rendered":"https:\/\/sprintax.de\/wordpress\/2014\/06\/02\/permanente\/"},"modified":"2026-02-02T18:44:39","modified_gmt":"2026-02-02T17:44:39","slug":"permanente","status":"publish","type":"page","link":"https:\/\/sprintax.de\/wordpress\/permanente\/","title":{"rendered":"Die Permanente"},"content":{"rendered":"\n<p>Liebe Radsportfreunde,<\/p>\n\n\n\n<p>wir freuen uns auch in diesem Jahr unsere Permanente RTF<strong> \u201eDie Sprintax-Welle\u201c <\/strong> anbieten zu k\u00f6nnen. Sie ist ganzj\u00e4hrig befahrbar, damit wintertauglich und f\u00fchrt auf \u00fcberwiegend verkehrsarmen Radwegen und Stra\u00dfen \u00fcber Werther, Theenhausen, Wellingholzhausen, Hoyel zum H\u00fccker Moor und dann langsam aus n\u00f6rdlicher Richtung wieder zum Ausgangspunkt. Dabei ist der Name Programm, denn die Strecke ist eher h\u00fcgelig-wellig.<\/p>\n\n\n\n<!--more-->\n\n\n\n<p>Start und Ziel ist an <strong>der J\u00f6llenbeckerstr. 129 in 33613 Bielefeld.<\/strong> In der N\u00e4he gibt es im Einkaufszentrum an der Apfelstra\u00dfe einen B\u00e4cker, der von 7 bis 19 Uhr ge\u00f6ffnet hat. <\/p>\n\n\n\n<p>Nach dem Fahren der Permanenten schickt uns den Nachweis (Strava, Komoot, Garmin, usw.) per Mail an&nbsp;<strong>vorstand2(at)sprintax.de<\/strong>. Die Kilometer tragen wir dann f\u00fcr Sportler\/innen mit Breitensportlizenz in der BDR Touren APP ein. Daf\u00fcr brauchen wir von Euch die Angabe DER Mailadresse, mit DER ihr bei rad-net im Lizenzportal angemeldet seid.<\/p>\n\n\n\n<p>Das Startgeld in H\u00f6he von 3,00 Euro \u00fcberweist uns bitte auf unser Konto:<\/p>\n\n\n\n<p>DE35 4805 0161 0080 0010 84 bei der Spk. Bielefeld<\/p>\n\n\n\n<p><strong>Hinweis:<\/strong> Jede Permanente kann nur 1x im Jahr in die Wertung kommen \u2013 fahren d\u00fcrft Ihr sie so oft Ihr wollt \ud83d\ude0a. Jede Starterin \/ jeder Starter ist f\u00fcr seinen eigenen Versicherungsschutz verantwortlich. Das Fahren mit Helm ist absolut empfehlenswert und dient der eigenen Sicherheit.<\/p>\n\n\n\n<p>Wir w\u00fcnschen eine gute Fahrt und viel Spa\u00df.<br><\/p>\n\n\n\n<figure class=\"wp-block-image\"><img loading=\"lazy\" decoding=\"async\" width=\"640\" height=\"437\" src=\"https:\/\/sprintax.de\/wordpress\/wp-content\/uploads\/2014\/06\/landschaft.jpg\" alt=\"landschaft\" class=\"wp-image-4087\" srcset=\"https:\/\/sprintax.de\/wordpress\/wp-content\/uploads\/2014\/06\/landschaft.jpg 640w, https:\/\/sprintax.de\/wordpress\/wp-content\/uploads\/2014\/06\/landschaft-300x205.jpg 300w\" sizes=\"auto, (max-width: 640px) 100vw, 640px\" \/><\/figure>\n\n\n\n<p><strong>Start\/Ziel:\u00a0<\/strong><br><strong>J\u00f6llenbecker Stra\u00dfe 129<\/strong><br>33613 Bielefeld<\/p>\n\n\n\n<p><strong>Eckdaten:<\/strong><\/p>\n\n\n\n<ul class=\"wp-block-list\">\n<li>L\u00e4nge: 78,75 km<\/li>\n\n\n\n<li>808 H\u00f6henmeter<\/li>\n<\/ul>\n\n\n\n<p><strong>Streckenverlauf:<\/strong><\/p>\n\n\n\n<iframe loading=\"lazy\" src=\"https:\/\/www.komoot.de\/tour\/1046429698\/embed?profile=1\" width=\"100%\" height=\"700\" frameborder=\"0\" scrolling=\"no\"><\/iframe>\n\n\n\n<p><a href=\"https:\/\/sprintax.de\/wordpress\/wp-content\/uploads\/2014\/06\/Die-Sprintax-Welle.zip\">Sprintax Welle als GPX Download<\/a><\/p>\n\n\n\n<p><strong>Roadbook zum Download:<\/strong><\/p>\n\n\n\n<ul class=\"wp-block-list\">\n<li><a href=\"https:\/\/sprintax.de\/wordpress\/wp-content\/uploads\/2014\/06\/Roadbook.pdf\" target=\"_blank\" rel=\"noopener\">Roadbook Sprintax-Welle<\/a><\/li>\n<\/ul>\n","protected":false},"excerpt":{"rendered":"<p>Liebe Radsportfreunde, wir freuen uns auch in diesem Jahr unsere Permanente RTF \u201eDie Sprintax-Welle\u201c anbieten zu k\u00f6nnen. Sie ist ganzj\u00e4hrig befahrbar, damit wintertauglich und f\u00fchrt auf \u00fcberwiegend verkehrsarmen Radwegen und Stra\u00dfen \u00fcber Werther, Theenhausen, Wellingholzhausen, Hoyel zum H\u00fccker Moor und dann langsam aus n\u00f6rdlicher Richtung wieder zum Ausgangspunkt. Dabei ist der Name Programm, denn die&hellip;&nbsp;<a href=\"https:\/\/sprintax.de\/wordpress\/permanente\/\" rel=\"bookmark\">Weiterlesen &raquo;<span class=\"screen-reader-text\">Die Permanente<\/span><\/a><\/p>\n","protected":false},"author":1,"featured_media":4087,"parent":0,"menu_order":0,"comment_status":"closed","ping_status":"open","template":"","meta":{"neve_meta_sidebar":"","neve_meta_container":"","neve_meta_enable_content_width":"","neve_meta_content_width":0,"neve_meta_title_alignment":"","neve_meta_author_avatar":"","neve_post_elements_order":"","neve_meta_disable_header":"","neve_meta_disable_footer":"","neve_meta_disable_title":"","footnotes":""},"class_list":["post-4090","page","type-page","status-publish","has-post-thumbnail","hentry"],"_links":{"self":[{"href":"https:\/\/sprintax.de\/wordpress\/wp-json\/wp\/v2\/pages\/4090","targetHints":{"allow":["GET"]}}],"collection":[{"href":"https:\/\/sprintax.de\/wordpress\/wp-json\/wp\/v2\/pages"}],"about":[{"href":"https:\/\/sprintax.de\/wordpress\/wp-json\/wp\/v2\/types\/page"}],"author":[{"embeddable":true,"href":"https:\/\/sprintax.de\/wordpress\/wp-json\/wp\/v2\/users\/1"}],"replies":[{"embeddable":true,"href":"https:\/\/sprintax.de\/wordpress\/wp-json\/wp\/v2\/comments?post=4090"}],"version-history":[{"count":13,"href":"https:\/\/sprintax.de\/wordpress\/wp-json\/wp\/v2\/pages\/4090\/revisions"}],"predecessor-version":[{"id":12770,"href":"https:\/\/sprintax.de\/wordpress\/wp-json\/wp\/v2\/pages\/4090\/revisions\/12770"}],"wp:featuredmedia":[{"embeddable":true,"href":"https:\/\/sprintax.de\/wordpress\/wp-json\/wp\/v2\/media\/4087"}],"wp:attachment":[{"href":"https:\/\/sprintax.de\/wordpress\/wp-json\/wp\/v2\/media?parent=4090"}],"curies":[{"name":"wp","href":"https:\/\/api.w.org\/{rel}","templated":true}]}}